{"id":8285,"date":"2022-02-04T10:22:28","date_gmt":"2022-02-04T09:22:28","guid":{"rendered":"http:\/\/terratrade.pl\/?page_id=8285"},"modified":"2022-04-26T12:03:48","modified_gmt":"2022-04-26T10:03:48","slug":"parafiny","status":"publish","type":"page","link":"https:\/\/terratrade.pl\/?page_id=8285","title":{"rendered":"Parafiny"},"content":{"rendered":"\t\t<div data-elementor-type=\"wp-post\" data-elementor-id=\"8285\" class=\"elementor elementor-8285\" data-elementor-settings=\"[]\">\n\t\t\t\t\t\t\t<div class=\"elementor-section-wrap\">\n\t\t\t\t\t\t\t<section class=\"elementor-section elementor-top-section elementor-element elementor-element-22f elementor-section-boxed elementor-section-height-default elementor-section-height-default\" data-id=\"22f\" data-element_type=\"section\" data-settings=\"{&quot;background_background&quot;:&quot;classic&quot;}\">\n\t\t\t\t\t\t<div class=\"elementor-container elementor-column-gap-default\">\n\t\t\t\t\t<div class=\"elementor-column elementor-col-50 elementor-top-column elementor-element elementor-element-5e0d column-style-top\" data-id=\"5e0d\" data-element_type=\"column\">\n\t\t\t<div class=\"elementor-widget-wrap elementor-element-populated\">\n\t\t\t\t\t\t\t\t<div class=\"elementor-element elementor-element-d56bb6d elementor-widget elementor-widget-image\" data-id=\"d56bb6d\" data-element_type=\"widget\" data-widget_type=\"image.default\">\n\t\t\t\t<div class=\"elementor-widget-container\">\n\t\t\t<style>\/*! elementor - v3.5.5 - 03-02-2022 *\/\n.elementor-widget-image{text-align:center}.elementor-widget-image a{display:inline-block}.elementor-widget-image a img[src$=\".svg\"]{width:48px}.elementor-widget-image img{vertical-align:middle;display:inline-block}<\/style>\t\t\t\t\t\t\t\t\t\t\t\t<img loading=\"lazy\" decoding=\"async\" width=\"900\" height=\"600\" src=\"https:\/\/terratrade.pl\/wp-content\/uploads\/2022\/04\/iStock-1196712804-1024x683.jpg\" class=\"attachment-large size-large\" alt=\"\" \/>\t\t\t\t\t\t\t\t\t\t\t\t\t\t\t<\/div>\n\t\t\t\t<\/div>\n\t\t\t\t\t<\/div>\n\t\t<\/div>\n\t\t\t\t<div class=\"elementor-column elementor-col-50 elementor-top-column elementor-element elementor-element-280e column-style-top\" data-id=\"280e\" data-element_type=\"column\">\n\t\t\t<div class=\"elementor-widget-wrap elementor-element-populated\">\n\t\t\t\t\t\t\t\t<div class=\"elementor-element elementor-element-e9e228a elementor-widget elementor-widget-text-editor\" data-id=\"e9e228a\" data-element_type=\"widget\" data-widget_type=\"text-editor.default\">\n\t\t\t\t<div class=\"elementor-widget-container\">\n\t\t\t<style>\/*! elementor - v3.5.5 - 03-02-2022 *\/\n.elementor-widget-text-editor.elementor-drop-cap-view-stacked .elementor-drop-cap{background-color:#818a91;color:#fff}.elementor-widget-text-editor.elementor-drop-cap-view-framed .elementor-drop-cap{color:#818a91;border:3px solid;background-color:transparent}.elementor-widget-text-editor:not(.elementor-drop-cap-view-default) .elementor-drop-cap{margin-top:8px}.elementor-widget-text-editor:not(.elementor-drop-cap-view-default) .elementor-drop-cap-letter{width:1em;height:1em}.elementor-widget-text-editor .elementor-drop-cap{float:left;text-align:center;line-height:1;font-size:50px}.elementor-widget-text-editor .elementor-drop-cap-letter{display:inline-block}<\/style>\t\t\t\t<p>W swojej ofercie posiadamy parafiny oraz woski do produkcji \u015bwiec i zniczy, rozpa\u0142ek, a tak\u017ce produkujemy kompozycje parafinowe\/woskowe o wymaganych przez odbiorc\u0119 parametrach i w\u0142a\u015bciwo\u015bciach. Nasze surowce oferujemy g\u0142\u00f3wnie w postaci:<\/p>\t\t\t\t\t\t<\/div>\n\t\t\t\t<\/div>\n\t\t\t\t<div class=\"elementor-element elementor-element-3df7 elementor-align-left elementor-icon-list--layout-traditional elementor-list-item-link-full_width elementor-widget elementor-widget-icon-list\" data-id=\"3df7\" data-element_type=\"widget\" data-widget_type=\"icon-list.default\">\n\t\t\t\t<div class=\"elementor-widget-container\">\n\t\t\t<style>\/*! elementor - v3.5.5 - 03-02-2022 *\/\n.elementor-widget.elementor-icon-list--layout-inline .elementor-widget-container{overflow:hidden}.elementor-widget .elementor-icon-list-items.elementor-inline-items{margin-right:-8px;margin-left:-8px}.elementor-widget .elementor-icon-list-items.elementor-inline-items .elementor-icon-list-item{margin-right:8px;margin-left:8px}.elementor-widget .elementor-icon-list-items.elementor-inline-items .elementor-icon-list-item:after{width:auto;left:auto;right:auto;position:relative;height:100%;border-top:0;border-bottom:0;border-right:0;border-left-width:1px;border-style:solid;right:-8px}.elementor-widget .elementor-icon-list-items{list-style-type:none;margin:0;padding:0}.elementor-widget .elementor-icon-list-item{margin:0;padding:0;position:relative}.elementor-widget .elementor-icon-list-item:after{position:absolute;bottom:0;width:100%}.elementor-widget .elementor-icon-list-item,.elementor-widget .elementor-icon-list-item a{display:-webkit-box;display:-ms-flexbox;display:flex;-webkit-box-align:center;-ms-flex-align:center;align-items:center;font-size:inherit}.elementor-widget .elementor-icon-list-icon+.elementor-icon-list-text{-ms-flex-item-align:center;align-self:center;padding-left:5px}.elementor-widget .elementor-icon-list-icon{display:-webkit-box;display:-ms-flexbox;display:flex}.elementor-widget .elementor-icon-list-icon svg{width:var(--e-icon-list-icon-size,1em);height:var(--e-icon-list-icon-size,1em)}.elementor-widget .elementor-icon-list-icon i{width:1.25em;font-size:var(--e-icon-list-icon-size)}.elementor-widget.elementor-widget-icon-list .elementor-icon-list-icon{text-align:var(--e-icon-list-icon-align)}.elementor-widget.elementor-widget-icon-list .elementor-icon-list-icon svg{margin:var(--e-icon-list-icon-margin,0 calc(var(--e-icon-list-icon-size, 1em) * .25) 0 0)}.elementor-widget.elementor-list-item-link-full_width a{width:100%}.elementor-widget.elementor-align-center .elementor-icon-list-item,.elementor-widget.elementor-align-center .elementor-icon-list-item a{-webkit-box-pack:center;-ms-flex-pack:center;justify-content:center}.elementor-widget.elementor-align-center .elementor-icon-list-item:after{margin:auto}.elementor-widget.elementor-align-center .elementor-inline-items{-webkit-box-pack:center;-ms-flex-pack:center;justify-content:center}.elementor-widget.elementor-align-left .elementor-icon-list-item,.elementor-widget.elementor-align-left .elementor-icon-list-item a{-webkit-box-pack:start;-ms-flex-pack:start;justify-content:flex-start;text-align:left}.elementor-widget.elementor-align-left .elementor-inline-items{-webkit-box-pack:start;-ms-flex-pack:start;justify-content:flex-start}.elementor-widget.elementor-align-right .elementor-icon-list-item,.elementor-widget.elementor-align-right .elementor-icon-list-item a{-webkit-box-pack:end;-ms-flex-pack:end;justify-content:flex-end;text-align:right}.elementor-widget.elementor-align-right .elementor-icon-list-items{-webkit-box-pack:end;-ms-flex-pack:end;justify-content:flex-end}.elementor-widget:not(.elementor-align-right) .elementor-icon-list-item:after{left:0}.elementor-widget:not(.elementor-align-left) .elementor-icon-list-item:after{right:0}@media (max-width:1024px){.elementor-widget.elementor-tablet-align-center .elementor-icon-list-item,.elementor-widget.elementor-tablet-align-center .elementor-icon-list-item a,.elementor-widget.elementor-tablet-align-center .elementor-icon-list-items{-webkit-box-pack:center;-ms-flex-pack:center;justify-content:center}.elementor-widget.elementor-tablet-align-center .elementor-icon-list-item:after{margin:auto}.elementor-widget.elementor-tablet-align-left .elementor-icon-list-items{-webkit-box-pack:start;-ms-flex-pack:start;justify-content:flex-start}.elementor-widget.elementor-tablet-align-left .elementor-icon-list-item,.elementor-widget.elementor-tablet-align-left .elementor-icon-list-item a{-webkit-box-pack:start;-ms-flex-pack:start;justify-content:flex-start;text-align:left}.elementor-widget.elementor-tablet-align-right .elementor-icon-list-items{-webkit-box-pack:end;-ms-flex-pack:end;justify-content:flex-end}.elementor-widget.elementor-tablet-align-right .elementor-icon-list-item,.elementor-widget.elementor-tablet-align-right .elementor-icon-list-item a{-webkit-box-pack:end;-ms-flex-pack:end;justify-content:flex-end;text-align:right}.elementor-widget:not(.elementor-tablet-align-right) .elementor-icon-list-item:after{left:0}.elementor-widget:not(.elementor-tablet-align-left) .elementor-icon-list-item:after{right:0}}@media (max-width:767px){.elementor-widget.elementor-mobile-align-center .elementor-icon-list-item,.elementor-widget.elementor-mobile-align-center .elementor-icon-list-item a,.elementor-widget.elementor-mobile-align-center .elementor-icon-list-items{-webkit-box-pack:center;-ms-flex-pack:center;justify-content:center}.elementor-widget.elementor-mobile-align-center .elementor-icon-list-item:after{margin:auto}.elementor-widget.elementor-mobile-align-left .elementor-icon-list-items{-webkit-box-pack:start;-ms-flex-pack:start;justify-content:flex-start}.elementor-widget.elementor-mobile-align-left .elementor-icon-list-item,.elementor-widget.elementor-mobile-align-left .elementor-icon-list-item a{-webkit-box-pack:start;-ms-flex-pack:start;justify-content:flex-start;text-align:left}.elementor-widget.elementor-mobile-align-right .elementor-icon-list-items{-webkit-box-pack:end;-ms-flex-pack:end;justify-content:flex-end}.elementor-widget.elementor-mobile-align-right .elementor-icon-list-item,.elementor-widget.elementor-mobile-align-right .elementor-icon-list-item a{-webkit-box-pack:end;-ms-flex-pack:end;justify-content:flex-end;text-align:right}.elementor-widget:not(.elementor-mobile-align-right) .elementor-icon-list-item:after{left:0}.elementor-widget:not(.elementor-mobile-align-left) .elementor-icon-list-item:after{right:0}}<\/style>\t\t<ul class=\"elementor-icon-list-items\">\n\t\t\t\t\t\t\t<li class=\"elementor-icon-list-item\">\n\t\t\t\t\t\t\t\t\t\t\t<span class=\"elementor-icon-list-icon\">\n\t\t\t\t\t\t\t<i aria-hidden=\"true\" class=\"fas fa-check\"><\/i>\t\t\t\t\t\t<\/span>\n\t\t\t\t\t\t\t\t\t\t<span class=\"elementor-icon-list-text\">luzu (posta\u0107 ciek\u0142a, pe\u0142nienie do autocystern)<\/span>\n\t\t\t\t\t\t\t\t\t<\/li>\n\t\t\t\t\t\t\t\t<li class=\"elementor-icon-list-item\">\n\t\t\t\t\t\t\t\t\t\t\t<span class=\"elementor-icon-list-icon\">\n\t\t\t\t\t\t\t<i aria-hidden=\"true\" class=\"fas fa-check\"><\/i>\t\t\t\t\t\t<\/span>\n\t\t\t\t\t\t\t\t\t\t<span class=\"elementor-icon-list-text\">granulatu (worki 20 i\/lub 25 kg)<\/span>\n\t\t\t\t\t\t\t\t\t<\/li>\n\t\t\t\t\t\t\t\t<li class=\"elementor-icon-list-item\">\n\t\t\t\t\t\t\t\t\t\t\t<span class=\"elementor-icon-list-icon\">\n\t\t\t\t\t\t\t<i aria-hidden=\"true\" class=\"fas fa-check\"><\/i>\t\t\t\t\t\t<\/span>\n\t\t\t\t\t\t\t\t\t\t<span class=\"elementor-icon-list-text\">innych form (mo\u017cliwo\u015b\u0107 uzgodnienia)<\/span>\n\t\t\t\t\t\t\t\t\t<\/li>\n\t\t\t\t\t\t<\/ul>\n\t\t\t\t<\/div>\n\t\t\t\t<\/div>\n\t\t\t\t<div class=\"elementor-element elementor-element-593bc1b elementor-widget elementor-widget-text-editor\" data-id=\"593bc1b\" data-element_type=\"widget\" data-widget_type=\"text-editor.default\">\n\t\t\t\t<div class=\"elementor-widget-container\">\n\t\t\t\t\t\t\t<p>Granulat standardowo pakujemy w worki 25 kg \/ 600 kg netto na palecie. Mo\u017cemy jednak dopasowa\u0107 wag\u0119 palety i worka stosownie do zam\u00f3wienia.<\/p>\t\t\t\t\t\t<\/div>\n\t\t\t\t<\/div>\n\t\t\t\t\t<\/div>\n\t\t<\/div>\n\t\t\t\t\t\t\t<\/div>\n\t\t<\/section>\n\t\t\t\t\t\t<\/div>\n\t\t\t\t\t<\/div>\n\t\t","protected":false},"excerpt":{"rendered":"<p>W swojej ofercie posiadamy parafiny oraz woski do produkcji \u015bwiec i zniczy, rozpa\u0142ek, a tak\u017ce produkujemy kompozycje parafinowe\/woskowe o wymaganych przez odbiorc\u0119 parametrach i w\u0142a\u015bciwo\u015bciach. Nasze surowce oferujemy g\u0142\u00f3wnie w [&hellip;]<\/p>\n","protected":false},"author":1,"featured_media":0,"parent":0,"menu_order":0,"comment_status":"closed","ping_status":"closed","template":"","meta":{"footnotes":""},"class_list":["post-8285","page","type-page","status-publish","hentry"],"yoast_head":"<!-- This site is optimized with the Yoast SEO plugin v26.6 - https:\/\/yoast.com\/wordpress\/plugins\/seo\/ -->\n<title>Parafiny - Terra Trade<\/title>\n<meta name=\"robots\" content=\"index, follow, max-snippet:-1, max-image-preview:large, max-video-preview:-1\" \/>\n<link rel=\"canonical\" href=\"https:\/\/terratrade.pl\/?page_id=8285\" \/>\n<meta property=\"og:locale\" content=\"pl_PL\" \/>\n<meta property=\"og:type\" content=\"article\" \/>\n<meta property=\"og:title\" content=\"Parafiny - Terra Trade\" \/>\n<meta property=\"og:description\" content=\"W swojej ofercie posiadamy parafiny oraz woski do produkcji \u015bwiec i zniczy, rozpa\u0142ek, a tak\u017ce produkujemy kompozycje parafinowe\/woskowe o wymaganych przez odbiorc\u0119 parametrach i w\u0142a\u015bciwo\u015bciach. Nasze surowce oferujemy g\u0142\u00f3wnie w [&hellip;]\" \/>\n<meta property=\"og:url\" content=\"https:\/\/terratrade.pl\/?page_id=8285\" \/>\n<meta property=\"og:site_name\" content=\"Terra Trade\" \/>\n<meta property=\"article:modified_time\" content=\"2022-04-26T10:03:48+00:00\" \/>\n<meta property=\"og:image\" content=\"http:\/\/terratrade.pl\/wp-content\/uploads\/2022\/04\/iStock-1196712804-1024x683.jpg\" \/>\n<meta name=\"twitter:card\" content=\"summary_large_image\" \/>\n<script type=\"application\/ld+json\" class=\"yoast-schema-graph\">{\"@context\":\"https:\/\/schema.org\",\"@graph\":[{\"@type\":\"WebPage\",\"@id\":\"https:\/\/terratrade.pl\/?page_id=8285\",\"url\":\"https:\/\/terratrade.pl\/?page_id=8285\",\"name\":\"Parafiny - Terra Trade\",\"isPartOf\":{\"@id\":\"https:\/\/terratrade.pl\/#website\"},\"primaryImageOfPage\":{\"@id\":\"https:\/\/terratrade.pl\/?page_id=8285#primaryimage\"},\"image\":{\"@id\":\"https:\/\/terratrade.pl\/?page_id=8285#primaryimage\"},\"thumbnailUrl\":\"http:\/\/terratrade.pl\/wp-content\/uploads\/2022\/04\/iStock-1196712804-1024x683.jpg\",\"datePublished\":\"2022-02-04T09:22:28+00:00\",\"dateModified\":\"2022-04-26T10:03:48+00:00\",\"breadcrumb\":{\"@id\":\"https:\/\/terratrade.pl\/?page_id=8285#breadcrumb\"},\"inLanguage\":\"pl-PL\",\"potentialAction\":[{\"@type\":\"ReadAction\",\"target\":[\"https:\/\/terratrade.pl\/?page_id=8285\"]}]},{\"@type\":\"ImageObject\",\"inLanguage\":\"pl-PL\",\"@id\":\"https:\/\/terratrade.pl\/?page_id=8285#primaryimage\",\"url\":\"http:\/\/terratrade.pl\/wp-content\/uploads\/2022\/04\/iStock-1196712804-1024x683.jpg\",\"contentUrl\":\"http:\/\/terratrade.pl\/wp-content\/uploads\/2022\/04\/iStock-1196712804-1024x683.jpg\"},{\"@type\":\"BreadcrumbList\",\"@id\":\"https:\/\/terratrade.pl\/?page_id=8285#breadcrumb\",\"itemListElement\":[{\"@type\":\"ListItem\",\"position\":1,\"name\":\"Strona g\u0142\u00f3wna\",\"item\":\"https:\/\/terratrade.pl\/\"},{\"@type\":\"ListItem\",\"position\":2,\"name\":\"Parafiny\"}]},{\"@type\":\"WebSite\",\"@id\":\"https:\/\/terratrade.pl\/#website\",\"url\":\"https:\/\/terratrade.pl\/\",\"name\":\"Terra Trade\",\"description\":\"Kolejna witryna oparta na WordPressie\",\"publisher\":{\"@id\":\"https:\/\/terratrade.pl\/#organization\"},\"potentialAction\":[{\"@type\":\"SearchAction\",\"target\":{\"@type\":\"EntryPoint\",\"urlTemplate\":\"https:\/\/terratrade.pl\/?s={search_term_string}\"},\"query-input\":{\"@type\":\"PropertyValueSpecification\",\"valueRequired\":true,\"valueName\":\"search_term_string\"}}],\"inLanguage\":\"pl-PL\"},{\"@type\":\"Organization\",\"@id\":\"https:\/\/terratrade.pl\/#organization\",\"name\":\"Terra Trade\",\"url\":\"https:\/\/terratrade.pl\/\",\"logo\":{\"@type\":\"ImageObject\",\"inLanguage\":\"pl-PL\",\"@id\":\"https:\/\/terratrade.pl\/#\/schema\/logo\/image\/\",\"url\":\"https:\/\/terratrade.pl\/wp-content\/uploads\/2026\/03\/cropped-Copilot_20260312_135322-crop.png\",\"contentUrl\":\"https:\/\/terratrade.pl\/wp-content\/uploads\/2026\/03\/cropped-Copilot_20260312_135322-crop.png\",\"width\":1260,\"height\":237,\"caption\":\"Terra Trade\"},\"image\":{\"@id\":\"https:\/\/terratrade.pl\/#\/schema\/logo\/image\/\"}}]}<\/script>\n<!-- \/ Yoast SEO plugin. -->","yoast_head_json":{"title":"Parafiny - Terra Trade","robots":{"index":"index","follow":"follow","max-snippet":"max-snippet:-1","max-image-preview":"max-image-preview:large","max-video-preview":"max-video-preview:-1"},"canonical":"https:\/\/terratrade.pl\/?page_id=8285","og_locale":"pl_PL","og_type":"article","og_title":"Parafiny - Terra Trade","og_description":"W swojej ofercie posiadamy parafiny oraz woski do produkcji \u015bwiec i zniczy, rozpa\u0142ek, a tak\u017ce produkujemy kompozycje parafinowe\/woskowe o wymaganych przez odbiorc\u0119 parametrach i w\u0142a\u015bciwo\u015bciach. Nasze surowce oferujemy g\u0142\u00f3wnie w [&hellip;]","og_url":"https:\/\/terratrade.pl\/?page_id=8285","og_site_name":"Terra Trade","article_modified_time":"2022-04-26T10:03:48+00:00","og_image":[{"url":"http:\/\/terratrade.pl\/wp-content\/uploads\/2022\/04\/iStock-1196712804-1024x683.jpg","type":"","width":"","height":""}],"twitter_card":"summary_large_image","schema":{"@context":"https:\/\/schema.org","@graph":[{"@type":"WebPage","@id":"https:\/\/terratrade.pl\/?page_id=8285","url":"https:\/\/terratrade.pl\/?page_id=8285","name":"Parafiny - Terra Trade","isPartOf":{"@id":"https:\/\/terratrade.pl\/#website"},"primaryImageOfPage":{"@id":"https:\/\/terratrade.pl\/?page_id=8285#primaryimage"},"image":{"@id":"https:\/\/terratrade.pl\/?page_id=8285#primaryimage"},"thumbnailUrl":"http:\/\/terratrade.pl\/wp-content\/uploads\/2022\/04\/iStock-1196712804-1024x683.jpg","datePublished":"2022-02-04T09:22:28+00:00","dateModified":"2022-04-26T10:03:48+00:00","breadcrumb":{"@id":"https:\/\/terratrade.pl\/?page_id=8285#breadcrumb"},"inLanguage":"pl-PL","potentialAction":[{"@type":"ReadAction","target":["https:\/\/terratrade.pl\/?page_id=8285"]}]},{"@type":"ImageObject","inLanguage":"pl-PL","@id":"https:\/\/terratrade.pl\/?page_id=8285#primaryimage","url":"http:\/\/terratrade.pl\/wp-content\/uploads\/2022\/04\/iStock-1196712804-1024x683.jpg","contentUrl":"http:\/\/terratrade.pl\/wp-content\/uploads\/2022\/04\/iStock-1196712804-1024x683.jpg"},{"@type":"BreadcrumbList","@id":"https:\/\/terratrade.pl\/?page_id=8285#breadcrumb","itemListElement":[{"@type":"ListItem","position":1,"name":"Strona g\u0142\u00f3wna","item":"https:\/\/terratrade.pl\/"},{"@type":"ListItem","position":2,"name":"Parafiny"}]},{"@type":"WebSite","@id":"https:\/\/terratrade.pl\/#website","url":"https:\/\/terratrade.pl\/","name":"Terra Trade","description":"Kolejna witryna oparta na WordPressie","publisher":{"@id":"https:\/\/terratrade.pl\/#organization"},"potentialAction":[{"@type":"SearchAction","target":{"@type":"EntryPoint","urlTemplate":"https:\/\/terratrade.pl\/?s={search_term_string}"},"query-input":{"@type":"PropertyValueSpecification","valueRequired":true,"valueName":"search_term_string"}}],"inLanguage":"pl-PL"},{"@type":"Organization","@id":"https:\/\/terratrade.pl\/#organization","name":"Terra Trade","url":"https:\/\/terratrade.pl\/","logo":{"@type":"ImageObject","inLanguage":"pl-PL","@id":"https:\/\/terratrade.pl\/#\/schema\/logo\/image\/","url":"https:\/\/terratrade.pl\/wp-content\/uploads\/2026\/03\/cropped-Copilot_20260312_135322-crop.png","contentUrl":"https:\/\/terratrade.pl\/wp-content\/uploads\/2026\/03\/cropped-Copilot_20260312_135322-crop.png","width":1260,"height":237,"caption":"Terra Trade"},"image":{"@id":"https:\/\/terratrade.pl\/#\/schema\/logo\/image\/"}}]}},"_links":{"self":[{"href":"https:\/\/terratrade.pl\/index.php?rest_route=\/wp\/v2\/pages\/8285","targetHints":{"allow":["GET"]}}],"collection":[{"href":"https:\/\/terratrade.pl\/index.php?rest_route=\/wp\/v2\/pages"}],"about":[{"href":"https:\/\/terratrade.pl\/index.php?rest_route=\/wp\/v2\/types\/page"}],"author":[{"embeddable":true,"href":"https:\/\/terratrade.pl\/index.php?rest_route=\/wp\/v2\/users\/1"}],"replies":[{"embeddable":true,"href":"https:\/\/terratrade.pl\/index.php?rest_route=%2Fwp%2Fv2%2Fcomments&post=8285"}],"version-history":[{"count":21,"href":"https:\/\/terratrade.pl\/index.php?rest_route=\/wp\/v2\/pages\/8285\/revisions"}],"predecessor-version":[{"id":8610,"href":"https:\/\/terratrade.pl\/index.php?rest_route=\/wp\/v2\/pages\/8285\/revisions\/8610"}],"wp:attachment":[{"href":"https:\/\/terratrade.pl\/index.php?rest_route=%2Fwp%2Fv2%2Fmedia&parent=8285"}],"curies":[{"name":"wp","href":"https:\/\/api.w.org\/{rel}","templated":true}]}}